{"id":11764,"date":"2023-06-28T13:50:37","date_gmt":"2023-06-28T13:50:37","guid":{"rendered":"https:\/\/www.geonet.be\/product\/optilake-2\/"},"modified":"2025-05-26T15:03:48","modified_gmt":"2025-05-26T15:03:48","slug":"optilake-2","status":"publish","type":"product","link":"https:\/\/www.geonet.be\/en\/product\/optilake-2\/","title":{"rendered":"Optilake"},"content":{"rendered":"<p>Veel waterproblemen worden veroorzaakt door wisselende waterwaarden. Daarom is het zinvol om v\u00f3\u00f3r de therapie de pH- en KH-waarden betrouwbaar te stabiliseren. Met essentieel calcium en koolstofdioxide cre\u00ebert OptiLake een pH-waarde tussen 7,5 en 8,3, die vervolgens via dit buffersysteem stabiel wordt gehouden. Hierdoor ontstaan \u200b\u200boptimale omstandigheden voor planten en dieren. En zorgt voor een onmiddellijke biologische vijverregeneratie, omdat de groei en voortplanting van algenetende en gifafsplitsende micro-organismen wordt bevorderd.<\/p>\n","protected":false},"excerpt":{"rendered":"<p>Veel waterproblemen worden veroorzaakt door wisselende waterwaarden. Daarom is het zinvol om v\u00f3\u00f3r de therapie de pH- en KH-waarden betrouwbaar te stabiliseren. Met essentieel calcium en koolstofdioxide cre\u00ebert OptiLake een pH-waarde tussen 7,5 en 8,3, die vervolgens via dit buffersysteem [&hellip;]<\/p>\n","protected":false},"featured_media":11960,"template":"","meta":{"_eb_attr":"","inline_featured_image":false},"product_brand":[],"product_cat":[158],"product_tag":[],"class_list":{"0":"post-11764","1":"product","2":"type-product","3":"status-publish","4":"has-post-thumbnail","6":"product_cat-onderhoudsproducten","8":"first","9":"instock","10":"taxable","11":"shipping-taxable","12":"purchasable","13":"product-type-variable","14":"has-default-attributes"},"yoast_head":"<!-- This site is optimized with the Yoast SEO plugin v27.1.1 - https:\/\/yoast.com\/product\/yoast-seo-wordpress\/ -->\n<title>Optilake - Geonet<\/title>\n<meta name=\"robots\" content=\"index, follow, max-snippet:-1, max-image-preview:large, max-video-preview:-1\" \/>\n<link rel=\"canonical\" href=\"https:\/\/www.geonet.be\/en\/product\/optilake-2\/\" \/>\n<meta property=\"og:locale\" content=\"en_US\" \/>\n<meta property=\"og:type\" content=\"article\" \/>\n<meta property=\"og:title\" content=\"Optilake - Geonet\" \/>\n<meta property=\"og:description\" content=\"Veel waterproblemen worden veroorzaakt door wisselende waterwaarden. Daarom is het zinvol om v\u00f3\u00f3r de therapie de pH- en KH-waarden betrouwbaar te stabiliseren. Met essentieel calcium en koolstofdioxide cre\u00ebert OptiLake een pH-waarde tussen 7,5 en 8,3, die vervolgens via dit buffersysteem [&hellip;]\" \/>\n<meta property=\"og:url\" content=\"https:\/\/www.geonet.be\/en\/product\/optilake-2\/\" \/>\n<meta property=\"og:site_name\" content=\"Geonet\" \/>\n<meta property=\"article:modified_time\" content=\"2025-05-26T15:03:48+00:00\" \/>\n<meta property=\"og:image\" content=\"https:\/\/www.geonet.be\/wp-content\/uploads\/2023\/07\/Optilake-jpg.webp\" \/>\n\t<meta property=\"og:image:width\" content=\"600\" \/>\n\t<meta property=\"og:image:height\" content=\"583\" \/>\n\t<meta property=\"og:image:type\" content=\"image\/jpeg\" \/>\n<meta name=\"twitter:card\" content=\"summary_large_image\" \/>\n<script type=\"application\/ld+json\" class=\"yoast-schema-graph\">{\"@context\":\"https:\/\/schema.org\",\"@graph\":[{\"@type\":\"WebPage\",\"@id\":\"https:\/\/www.geonet.be\/en\/product\/optilake-2\/\",\"url\":\"https:\/\/www.geonet.be\/en\/product\/optilake-2\/\",\"name\":\"Optilake - Geonet\",\"isPartOf\":{\"@id\":\"https:\/\/www.geonet.be\/en\/#website\"},\"primaryImageOfPage\":{\"@id\":\"https:\/\/www.geonet.be\/en\/product\/optilake-2\/#primaryimage\"},\"image\":{\"@id\":\"https:\/\/www.geonet.be\/en\/product\/optilake-2\/#primaryimage\"},\"thumbnailUrl\":\"https:\/\/www.geonet.be\/wp-content\/uploads\/2023\/07\/Optilake-jpg.webp\",\"datePublished\":\"2023-06-28T13:50:37+00:00\",\"dateModified\":\"2025-05-26T15:03:48+00:00\",\"breadcrumb\":{\"@id\":\"https:\/\/www.geonet.be\/en\/product\/optilake-2\/#breadcrumb\"},\"inLanguage\":\"en-US\",\"potentialAction\":[{\"@type\":\"ReadAction\",\"target\":[\"https:\/\/www.geonet.be\/en\/product\/optilake-2\/\"]}]},{\"@type\":\"ImageObject\",\"inLanguage\":\"en-US\",\"@id\":\"https:\/\/www.geonet.be\/en\/product\/optilake-2\/#primaryimage\",\"url\":\"https:\/\/www.geonet.be\/wp-content\/uploads\/2023\/07\/Optilake-jpg.webp\",\"contentUrl\":\"https:\/\/www.geonet.be\/wp-content\/uploads\/2023\/07\/Optilake-jpg.webp\",\"width\":600,\"height\":583,\"caption\":\"natuurlijk onderhoudsproduct voor zwembaden en zwemvijvers\"},{\"@type\":\"BreadcrumbList\",\"@id\":\"https:\/\/www.geonet.be\/en\/product\/optilake-2\/#breadcrumb\",\"itemListElement\":[{\"@type\":\"ListItem\",\"position\":1,\"name\":\"Home\",\"item\":\"https:\/\/www.geonet.be\/en\/\"},{\"@type\":\"ListItem\",\"position\":2,\"name\":\"Webshop\",\"item\":\"https:\/\/www.geonet.be\/en\/webshop\/\"},{\"@type\":\"ListItem\",\"position\":3,\"name\":\"Onderhoudsproducten\",\"item\":\"https:\/\/www.geonet.be\/en\/product-categorie\/onderhoudsproducten\/\"},{\"@type\":\"ListItem\",\"position\":4,\"name\":\"Optilake\"}]},{\"@type\":\"WebSite\",\"@id\":\"https:\/\/www.geonet.be\/en\/#website\",\"url\":\"https:\/\/www.geonet.be\/en\/\",\"name\":\"Geonet\",\"description\":\"Planbureau voor helder water\",\"potentialAction\":[{\"@type\":\"SearchAction\",\"target\":{\"@type\":\"EntryPoint\",\"urlTemplate\":\"https:\/\/www.geonet.be\/en\/?s={search_term_string}\"},\"query-input\":{\"@type\":\"PropertyValueSpecification\",\"valueRequired\":true,\"valueName\":\"search_term_string\"}}],\"inLanguage\":\"en-US\"}]}<\/script>\n<!-- \/ Yoast SEO plugin. -->","yoast_head_json":{"title":"Optilake - Geonet","robots":{"index":"index","follow":"follow","max-snippet":"max-snippet:-1","max-image-preview":"max-image-preview:large","max-video-preview":"max-video-preview:-1"},"canonical":"https:\/\/www.geonet.be\/en\/product\/optilake-2\/","og_locale":"en_US","og_type":"article","og_title":"Optilake - Geonet","og_description":"Veel waterproblemen worden veroorzaakt door wisselende waterwaarden. Daarom is het zinvol om v\u00f3\u00f3r de therapie de pH- en KH-waarden betrouwbaar te stabiliseren. Met essentieel calcium en koolstofdioxide cre\u00ebert OptiLake een pH-waarde tussen 7,5 en 8,3, die vervolgens via dit buffersysteem [&hellip;]","og_url":"https:\/\/www.geonet.be\/en\/product\/optilake-2\/","og_site_name":"Geonet","article_modified_time":"2025-05-26T15:03:48+00:00","og_image":[{"width":600,"height":583,"url":"https:\/\/www.geonet.be\/wp-content\/uploads\/2023\/07\/Optilake-jpg.webp","type":"image\/jpeg"}],"twitter_card":"summary_large_image","schema":{"@context":"https:\/\/schema.org","@graph":[{"@type":"WebPage","@id":"https:\/\/www.geonet.be\/en\/product\/optilake-2\/","url":"https:\/\/www.geonet.be\/en\/product\/optilake-2\/","name":"Optilake - Geonet","isPartOf":{"@id":"https:\/\/www.geonet.be\/en\/#website"},"primaryImageOfPage":{"@id":"https:\/\/www.geonet.be\/en\/product\/optilake-2\/#primaryimage"},"image":{"@id":"https:\/\/www.geonet.be\/en\/product\/optilake-2\/#primaryimage"},"thumbnailUrl":"https:\/\/www.geonet.be\/wp-content\/uploads\/2023\/07\/Optilake-jpg.webp","datePublished":"2023-06-28T13:50:37+00:00","dateModified":"2025-05-26T15:03:48+00:00","breadcrumb":{"@id":"https:\/\/www.geonet.be\/en\/product\/optilake-2\/#breadcrumb"},"inLanguage":"en-US","potentialAction":[{"@type":"ReadAction","target":["https:\/\/www.geonet.be\/en\/product\/optilake-2\/"]}]},{"@type":"ImageObject","inLanguage":"en-US","@id":"https:\/\/www.geonet.be\/en\/product\/optilake-2\/#primaryimage","url":"https:\/\/www.geonet.be\/wp-content\/uploads\/2023\/07\/Optilake-jpg.webp","contentUrl":"https:\/\/www.geonet.be\/wp-content\/uploads\/2023\/07\/Optilake-jpg.webp","width":600,"height":583,"caption":"natuurlijk onderhoudsproduct voor zwembaden en zwemvijvers"},{"@type":"BreadcrumbList","@id":"https:\/\/www.geonet.be\/en\/product\/optilake-2\/#breadcrumb","itemListElement":[{"@type":"ListItem","position":1,"name":"Home","item":"https:\/\/www.geonet.be\/en\/"},{"@type":"ListItem","position":2,"name":"Webshop","item":"https:\/\/www.geonet.be\/en\/webshop\/"},{"@type":"ListItem","position":3,"name":"Onderhoudsproducten","item":"https:\/\/www.geonet.be\/en\/product-categorie\/onderhoudsproducten\/"},{"@type":"ListItem","position":4,"name":"Optilake"}]},{"@type":"WebSite","@id":"https:\/\/www.geonet.be\/en\/#website","url":"https:\/\/www.geonet.be\/en\/","name":"Geonet","description":"Planbureau voor helder water","potentialAction":[{"@type":"SearchAction","target":{"@type":"EntryPoint","urlTemplate":"https:\/\/www.geonet.be\/en\/?s={search_term_string}"},"query-input":{"@type":"PropertyValueSpecification","valueRequired":true,"valueName":"search_term_string"}}],"inLanguage":"en-US"}]}},"_links":{"self":[{"href":"https:\/\/www.geonet.be\/en\/wp-json\/wp\/v2\/product\/11764","targetHints":{"allow":["GET"]}}],"collection":[{"href":"https:\/\/www.geonet.be\/en\/wp-json\/wp\/v2\/product"}],"about":[{"href":"https:\/\/www.geonet.be\/en\/wp-json\/wp\/v2\/types\/product"}],"wp:featuredmedia":[{"embeddable":true,"href":"https:\/\/www.geonet.be\/en\/wp-json\/wp\/v2\/media\/11960"}],"wp:attachment":[{"href":"https:\/\/www.geonet.be\/en\/wp-json\/wp\/v2\/media?parent=11764"}],"wp:term":[{"taxonomy":"product_brand","embeddable":true,"href":"https:\/\/www.geonet.be\/en\/wp-json\/wp\/v2\/product_brand?post=11764"},{"taxonomy":"product_cat","embeddable":true,"href":"https:\/\/www.geonet.be\/en\/wp-json\/wp\/v2\/product_cat?post=11764"},{"taxonomy":"product_tag","embeddable":true,"href":"https:\/\/www.geonet.be\/en\/wp-json\/wp\/v2\/product_tag?post=11764"}],"curies":[{"name":"wp","href":"https:\/\/api.w.org\/{rel}","templated":true}]}}