{"id":11798,"date":"2023-06-28T13:50:44","date_gmt":"2023-06-28T13:50:44","guid":{"rendered":"https:\/\/www.geonet.be\/product\/dana-online-platform-zwemvijveropvolging-2\/"},"modified":"2025-05-26T15:00:44","modified_gmt":"2025-05-26T15:00:44","slug":"dana-online-platform-zwemvijveropvolging-2","status":"publish","type":"product","link":"https:\/\/www.geonet.be\/en\/product\/dana-online-platform-zwemvijveropvolging-2\/","title":{"rendered":"DANA &#8211; online platform zwemvijveropvolging"},"content":{"rendered":"<p>Online platform voor opvolging en controle van het water, input kan manueel of geautomatiseerd worden door gebruik van bijvoorbeeld Blue connect of Ondina.<\/p>\n<p><em>Met DANA 2.0 maken we IoT beschikbaar &#8211; en veilig &#8211; voor zwembaden en zwemvijvers. Onze klanten hebben zeer uiteenlopende eisen op basis van hun meetwaarden, datavolume en de installatietechnologie. Met DANA 2.0 kunnen we nu intu\u00eftieve software bieden voor operationeel beheer. Niet alleen de operationele en weergegevens, maar ook de laboratoriumwaarden, live gegevens en uiterst betrouwbare alarmmanagementsystemen zijn nu beschikbaar op \u00e9\u00e9n enkel platform, onderhoudstools enz.. De webgebaseerde interface beschikt ook over ge\u00efntegreerde besturing. Alles uit \u00e9\u00e9n bron, veilig, snel en flexibel.<\/em><\/p>\n<p>Meer info vind je <a href=\"https:\/\/www.geonet.be\/studiebureau-voor-waterzuivering\/monitoring-van-de-waterkwaliteit\/\">hier<\/a>.<\/p>\n<p>&nbsp;<\/p>\n<p>Dana licentie priv\u00e9zwembaden = 220 \u20ac\/jaar<\/p>\n","protected":false},"excerpt":{"rendered":"<p>Online platform voor opvolging en controle van het water, input kan manueel of geautomatiseerd worden door gebruik van bijvoorbeeld Blue connect of Ondina. Met DANA 2.0 maken we IoT beschikbaar &#8211; en veilig &#8211; voor zwembaden en zwemvijvers. Onze klanten [&hellip;]<\/p>\n","protected":false},"featured_media":9975,"template":"","meta":{"_eb_attr":"","inline_featured_image":false},"product_brand":[],"product_cat":[15],"product_tag":[],"class_list":{"0":"post-11798","1":"product","2":"type-product","3":"status-publish","4":"has-post-thumbnail","6":"product_cat-geen-categorie","8":"first","9":"instock","10":"taxable","11":"shipping-taxable","12":"purchasable","13":"product-type-simple"},"yoast_head":"<!-- This site is optimized with the Yoast SEO plugin v27.3 - https:\/\/yoast.com\/product\/yoast-seo-wordpress\/ -->\n<title>DANA - online platform zwemvijveropvolging - Geonet<\/title>\n<meta name=\"robots\" content=\"index, follow, max-snippet:-1, max-image-preview:large, max-video-preview:-1\" \/>\n<link rel=\"canonical\" href=\"https:\/\/www.geonet.be\/en\/product\/dana-online-platform-zwemvijveropvolging-2\/\" \/>\n<meta property=\"og:locale\" content=\"en_US\" \/>\n<meta property=\"og:type\" content=\"article\" \/>\n<meta property=\"og:title\" content=\"DANA - online platform zwemvijveropvolging - Geonet\" \/>\n<meta property=\"og:description\" content=\"Online platform voor opvolging en controle van het water, input kan manueel of geautomatiseerd worden door gebruik van bijvoorbeeld Blue connect of Ondina. Met DANA 2.0 maken we IoT beschikbaar &#8211; en veilig &#8211; voor zwembaden en zwemvijvers. Onze klanten [&hellip;]\" \/>\n<meta property=\"og:url\" content=\"https:\/\/www.geonet.be\/en\/product\/dana-online-platform-zwemvijveropvolging-2\/\" \/>\n<meta property=\"og:site_name\" content=\"Geonet\" \/>\n<meta property=\"article:modified_time\" content=\"2025-05-26T15:00:44+00:00\" \/>\n<meta property=\"og:image\" content=\"https:\/\/www.geonet.be\/wp-content\/uploads\/2023\/06\/geonet-waterontleding-dana-1-jpg.webp\" \/>\n\t<meta property=\"og:image:width\" content=\"513\" \/>\n\t<meta property=\"og:image:height\" content=\"464\" \/>\n\t<meta property=\"og:image:type\" content=\"image\/jpeg\" \/>\n<meta name=\"twitter:card\" content=\"summary_large_image\" \/>\n<script type=\"application\/ld+json\" class=\"yoast-schema-graph\">{\"@context\":\"https:\\\/\\\/schema.org\",\"@graph\":[{\"@type\":\"WebPage\",\"@id\":\"https:\\\/\\\/www.geonet.be\\\/en\\\/product\\\/dana-online-platform-zwemvijveropvolging-2\\\/\",\"url\":\"https:\\\/\\\/www.geonet.be\\\/en\\\/product\\\/dana-online-platform-zwemvijveropvolging-2\\\/\",\"name\":\"DANA - online platform zwemvijveropvolging - Geonet\",\"isPartOf\":{\"@id\":\"https:\\\/\\\/www.geonet.be\\\/en\\\/#website\"},\"primaryImageOfPage\":{\"@id\":\"https:\\\/\\\/www.geonet.be\\\/en\\\/product\\\/dana-online-platform-zwemvijveropvolging-2\\\/#primaryimage\"},\"image\":{\"@id\":\"https:\\\/\\\/www.geonet.be\\\/en\\\/product\\\/dana-online-platform-zwemvijveropvolging-2\\\/#primaryimage\"},\"thumbnailUrl\":\"https:\\\/\\\/www.geonet.be\\\/wp-content\\\/uploads\\\/2023\\\/06\\\/geonet-waterontleding-dana-1-jpg.webp\",\"datePublished\":\"2023-06-28T13:50:44+00:00\",\"dateModified\":\"2025-05-26T15:00:44+00:00\",\"breadcrumb\":{\"@id\":\"https:\\\/\\\/www.geonet.be\\\/en\\\/product\\\/dana-online-platform-zwemvijveropvolging-2\\\/#breadcrumb\"},\"inLanguage\":\"en-US\",\"potentialAction\":[{\"@type\":\"ReadAction\",\"target\":[\"https:\\\/\\\/www.geonet.be\\\/en\\\/product\\\/dana-online-platform-zwemvijveropvolging-2\\\/\"]}]},{\"@type\":\"ImageObject\",\"inLanguage\":\"en-US\",\"@id\":\"https:\\\/\\\/www.geonet.be\\\/en\\\/product\\\/dana-online-platform-zwemvijveropvolging-2\\\/#primaryimage\",\"url\":\"https:\\\/\\\/www.geonet.be\\\/wp-content\\\/uploads\\\/2023\\\/06\\\/geonet-waterontleding-dana-1-jpg.webp\",\"contentUrl\":\"https:\\\/\\\/www.geonet.be\\\/wp-content\\\/uploads\\\/2023\\\/06\\\/geonet-waterontleding-dana-1-jpg.webp\",\"width\":513,\"height\":464},{\"@type\":\"BreadcrumbList\",\"@id\":\"https:\\\/\\\/www.geonet.be\\\/en\\\/product\\\/dana-online-platform-zwemvijveropvolging-2\\\/#breadcrumb\",\"itemListElement\":[{\"@type\":\"ListItem\",\"position\":1,\"name\":\"Home\",\"item\":\"https:\\\/\\\/www.geonet.be\\\/en\\\/\"},{\"@type\":\"ListItem\",\"position\":2,\"name\":\"Webshop\",\"item\":\"https:\\\/\\\/www.geonet.be\\\/en\\\/webshop\\\/\"},{\"@type\":\"ListItem\",\"position\":3,\"name\":\"Geen categorie\",\"item\":\"https:\\\/\\\/www.geonet.be\\\/en\\\/product-categorie\\\/geen-categorie\\\/\"},{\"@type\":\"ListItem\",\"position\":4,\"name\":\"DANA &#8211; online platform zwemvijveropvolging\"}]},{\"@type\":\"WebSite\",\"@id\":\"https:\\\/\\\/www.geonet.be\\\/en\\\/#website\",\"url\":\"https:\\\/\\\/www.geonet.be\\\/en\\\/\",\"name\":\"Geonet\",\"description\":\"Planbureau voor helder water\",\"potentialAction\":[{\"@type\":\"SearchAction\",\"target\":{\"@type\":\"EntryPoint\",\"urlTemplate\":\"https:\\\/\\\/www.geonet.be\\\/en\\\/?s={search_term_string}\"},\"query-input\":{\"@type\":\"PropertyValueSpecification\",\"valueRequired\":true,\"valueName\":\"search_term_string\"}}],\"inLanguage\":\"en-US\"}]}<\/script>\n<!-- \/ Yoast SEO plugin. -->","yoast_head_json":{"title":"DANA - online platform zwemvijveropvolging - Geonet","robots":{"index":"index","follow":"follow","max-snippet":"max-snippet:-1","max-image-preview":"max-image-preview:large","max-video-preview":"max-video-preview:-1"},"canonical":"https:\/\/www.geonet.be\/en\/product\/dana-online-platform-zwemvijveropvolging-2\/","og_locale":"en_US","og_type":"article","og_title":"DANA - online platform zwemvijveropvolging - Geonet","og_description":"Online platform voor opvolging en controle van het water, input kan manueel of geautomatiseerd worden door gebruik van bijvoorbeeld Blue connect of Ondina. Met DANA 2.0 maken we IoT beschikbaar &#8211; en veilig &#8211; voor zwembaden en zwemvijvers. Onze klanten [&hellip;]","og_url":"https:\/\/www.geonet.be\/en\/product\/dana-online-platform-zwemvijveropvolging-2\/","og_site_name":"Geonet","article_modified_time":"2025-05-26T15:00:44+00:00","og_image":[{"width":513,"height":464,"url":"https:\/\/www.geonet.be\/wp-content\/uploads\/2023\/06\/geonet-waterontleding-dana-1-jpg.webp","type":"image\/jpeg"}],"twitter_card":"summary_large_image","schema":{"@context":"https:\/\/schema.org","@graph":[{"@type":"WebPage","@id":"https:\/\/www.geonet.be\/en\/product\/dana-online-platform-zwemvijveropvolging-2\/","url":"https:\/\/www.geonet.be\/en\/product\/dana-online-platform-zwemvijveropvolging-2\/","name":"DANA - online platform zwemvijveropvolging - Geonet","isPartOf":{"@id":"https:\/\/www.geonet.be\/en\/#website"},"primaryImageOfPage":{"@id":"https:\/\/www.geonet.be\/en\/product\/dana-online-platform-zwemvijveropvolging-2\/#primaryimage"},"image":{"@id":"https:\/\/www.geonet.be\/en\/product\/dana-online-platform-zwemvijveropvolging-2\/#primaryimage"},"thumbnailUrl":"https:\/\/www.geonet.be\/wp-content\/uploads\/2023\/06\/geonet-waterontleding-dana-1-jpg.webp","datePublished":"2023-06-28T13:50:44+00:00","dateModified":"2025-05-26T15:00:44+00:00","breadcrumb":{"@id":"https:\/\/www.geonet.be\/en\/product\/dana-online-platform-zwemvijveropvolging-2\/#breadcrumb"},"inLanguage":"en-US","potentialAction":[{"@type":"ReadAction","target":["https:\/\/www.geonet.be\/en\/product\/dana-online-platform-zwemvijveropvolging-2\/"]}]},{"@type":"ImageObject","inLanguage":"en-US","@id":"https:\/\/www.geonet.be\/en\/product\/dana-online-platform-zwemvijveropvolging-2\/#primaryimage","url":"https:\/\/www.geonet.be\/wp-content\/uploads\/2023\/06\/geonet-waterontleding-dana-1-jpg.webp","contentUrl":"https:\/\/www.geonet.be\/wp-content\/uploads\/2023\/06\/geonet-waterontleding-dana-1-jpg.webp","width":513,"height":464},{"@type":"BreadcrumbList","@id":"https:\/\/www.geonet.be\/en\/product\/dana-online-platform-zwemvijveropvolging-2\/#breadcrumb","itemListElement":[{"@type":"ListItem","position":1,"name":"Home","item":"https:\/\/www.geonet.be\/en\/"},{"@type":"ListItem","position":2,"name":"Webshop","item":"https:\/\/www.geonet.be\/en\/webshop\/"},{"@type":"ListItem","position":3,"name":"Geen categorie","item":"https:\/\/www.geonet.be\/en\/product-categorie\/geen-categorie\/"},{"@type":"ListItem","position":4,"name":"DANA &#8211; online platform zwemvijveropvolging"}]},{"@type":"WebSite","@id":"https:\/\/www.geonet.be\/en\/#website","url":"https:\/\/www.geonet.be\/en\/","name":"Geonet","description":"Planbureau voor helder water","potentialAction":[{"@type":"SearchAction","target":{"@type":"EntryPoint","urlTemplate":"https:\/\/www.geonet.be\/en\/?s={search_term_string}"},"query-input":{"@type":"PropertyValueSpecification","valueRequired":true,"valueName":"search_term_string"}}],"inLanguage":"en-US"}]}},"_links":{"self":[{"href":"https:\/\/www.geonet.be\/en\/wp-json\/wp\/v2\/product\/11798","targetHints":{"allow":["GET"]}}],"collection":[{"href":"https:\/\/www.geonet.be\/en\/wp-json\/wp\/v2\/product"}],"about":[{"href":"https:\/\/www.geonet.be\/en\/wp-json\/wp\/v2\/types\/product"}],"wp:featuredmedia":[{"embeddable":true,"href":"https:\/\/www.geonet.be\/en\/wp-json\/wp\/v2\/media\/9975"}],"wp:attachment":[{"href":"https:\/\/www.geonet.be\/en\/wp-json\/wp\/v2\/media?parent=11798"}],"wp:term":[{"taxonomy":"product_brand","embeddable":true,"href":"https:\/\/www.geonet.be\/en\/wp-json\/wp\/v2\/product_brand?post=11798"},{"taxonomy":"product_cat","embeddable":true,"href":"https:\/\/www.geonet.be\/en\/wp-json\/wp\/v2\/product_cat?post=11798"},{"taxonomy":"product_tag","embeddable":true,"href":"https:\/\/www.geonet.be\/en\/wp-json\/wp\/v2\/product_tag?post=11798"}],"curies":[{"name":"wp","href":"https:\/\/api.w.org\/{rel}","templated":true}]}}